{"id":739,"date":"2024-05-09T09:56:48","date_gmt":"2024-05-09T06:56:48","guid":{"rendered":"https:\/\/www.medijufondas.lt\/about-us\/ekspertai"},"modified":"2024-10-04T14:09:22","modified_gmt":"2024-10-04T11:09:22","slug":"experts","status":"publish","type":"page","link":"https:\/\/www.medijufondas.lt\/en\/about-us\/experts","title":{"rendered":"Experts"},"content":{"rendered":"<p class=\"p3\">The shareholders of the Media Support Fund have approved the list of experts selected by the Council of the Fund through a public call for applications.<\/p>\n<p class=\"p3\">The shareholders of the Media Support Fund (the &#8220;Fund&#8221;) on 9 April approved the list of experts selected by the Council of the Fund through a public tender. The experts are appointed for a 2-year term of office.<\/p>\n<p class=\"p3\">The Council of the Fund establishes panels of experts for each call for proposals for the programmes financed by the Fund. The Fund&#8217;s administration will shortly contact those experts appointed by the Council of the Fund to the panels this year and will conclude the contracts for the evaluation of the applications for the 2024 call.<\/p>\n<p class=\"p4\"><strong>List of Media Support Fund experts<\/strong>:<\/p>\n<ol class=\"ol1\">\n<li class=\"li4\">Irena Alperyt\u0117<\/li>\n<li class=\"li4\">Gintar\u0117 Adomaityt\u0117<\/li>\n<li class=\"li4\">Viktorija Jakubauskyt\u0117-Andriulien\u0117<\/li>\n<li class=\"li4\">Stasys Baublys<\/li>\n<li class=\"li4\">Mantas Bra\u017ei\u016bnas<\/li>\n<li class=\"li4\">Jogint\u0117 Bu\u010dinskait\u0117<\/li>\n<li class=\"li4\">Laima Budzinauskien\u0117<\/li>\n<li class=\"li4\">Jolanta Butkevi\u010dien\u0117<\/li>\n<li class=\"li4\">Daiva \u010cervokien\u0117<\/li>\n<li class=\"li4\">Julija Fomina<\/li>\n<li class=\"li4\">Asta Urbanavi\u010di\u016bt\u0117-Globien\u0117<\/li>\n<li class=\"li4\">Julijus Grickevi\u010dius<\/li>\n<li class=\"li4\">Virginija Grigali\u016bnien\u0117<\/li>\n<li class=\"li4\">Ar\u016bnas Gudinavi\u010dius<\/li>\n<li class=\"li4\">Sigita Jacinevi\u010dien\u0117-Baltaduon\u0117<\/li>\n<li class=\"li4\">Andrius Jaku\u010di\u016bnas<\/li>\n<li class=\"li4\">Marija Jor\u0117 Janavi\u010di\u016bt\u0117<\/li>\n<li class=\"li4\">Laisv\u016bnas Karvelis<\/li>\n<li class=\"li4\">Laurynas Katkus<\/li>\n<li class=\"li4\">K\u0119stas Kirtiklis<\/li>\n<li class=\"li4\">Birut\u0117 Monika Ki\u0161kien\u0117<\/li>\n<li class=\"li4\">Vaida Stepanovait\u0117-Kobialka<\/li>\n<li class=\"li4\">Denisas Kolomyckis<\/li>\n<li class=\"li4\">Jolanta Kry\u017eevi\u010dien\u0117<\/li>\n<li class=\"li4\">Dionizas Litvaitis<\/li>\n<li class=\"li4\">Saul\u0117 Ma\u017eeikait\u0117<\/li>\n<li class=\"li4\">Mindaugas Nastaravi\u010dius<\/li>\n<li class=\"li4\">Vaida Almonaityt\u0117 Navickien\u0117<\/li>\n<li class=\"li4\">K\u0119stutis Petrauskis<\/li>\n<li class=\"li4\">Martynas Petrikas<\/li>\n<li class=\"li4\">Aleksandra Pister-Gainien\u0117<\/li>\n<li class=\"li4\">Silva Pocyt\u0117<\/li>\n<li class=\"li4\">AntonRad\u010denko<\/li>\n<li class=\"li4\">Nina Puteikien\u0117<\/li>\n<li class=\"li4\">Ornela Rama\u0161auskait\u0117<\/li>\n<li class=\"li4\">Nijol\u0117 Raudyt\u0117<\/li>\n<li class=\"li4\">Audron\u0117 Rimkut\u0117<\/li>\n<li class=\"li4\">Linas Ry\u0161kus<\/li>\n<li class=\"li4\">Elena Sakal\u0117<\/li>\n<li class=\"li4\">Indr\u0117 Sesart\u0117<\/li>\n<li class=\"li4\">Laura S\u0117lenien\u0117<\/li>\n<li class=\"li4\">Daiva Siudikien\u0117<\/li>\n<li class=\"li4\">Gerimantas Statinis<\/li>\n<li class=\"li4\">Nida \u0160ulcien\u0117<\/li>\n<li class=\"li4\">Edvardas \u0160umila<\/li>\n<li class=\"li4\">Laurynas Vai\u010di\u016bnas<\/li>\n<li class=\"li4\">Indr\u0117 Vareikyt\u0117<\/li>\n<li class=\"li4\">Aida V\u0117\u017eelien\u0117<\/li>\n<li class=\"li4\">Vytautas Volungevi\u010dius<\/li>\n<li class=\"li4\">Birut\u0117 \u017demaityt\u0117<\/li>\n<li class=\"li4\">Rugil\u0117 Trumpyt\u0117<\/li>\n<\/ol>\n<p class=\"p4\">The term of office of the experts of the Media Support Fund is until 9 April 2026.<\/p>\n","protected":false},"excerpt":{"rendered":"<p>The shareholders of the Media Support Fund have approved the list of experts selected by the Council of the Fund through a public call for applications. The shareholders of the Media Support Fund (the &#8220;Fund&#8221;) on 9 April approved the list of experts selected by the Council of the Fund through a public tender. The&#8230;<\/p>\n","protected":false},"author":1,"featured_media":0,"parent":734,"menu_order":0,"comment_status":"closed","ping_status":"closed","template":"","meta":{"_monsterinsights_skip_tracking":false,"_monsterinsights_sitenote_active":false,"_monsterinsights_sitenote_note":"","_monsterinsights_sitenote_category":0,"_uf_show_specific_survey":0,"_uf_disable_surveys":false,"footnotes":""},"class_list":["post-739","page","type-page","status-publish","hentry"],"acf":[],"_links":{"self":[{"href":"https:\/\/www.medijufondas.lt\/en\/wp-json\/wp\/v2\/pages\/739","targetHints":{"allow":["GET"]}}],"collection":[{"href":"https:\/\/www.medijufondas.lt\/en\/wp-json\/wp\/v2\/pages"}],"about":[{"href":"https:\/\/www.medijufondas.lt\/en\/wp-json\/wp\/v2\/types\/page"}],"author":[{"embeddable":true,"href":"https:\/\/www.medijufondas.lt\/en\/wp-json\/wp\/v2\/users\/1"}],"replies":[{"embeddable":true,"href":"https:\/\/www.medijufondas.lt\/en\/wp-json\/wp\/v2\/comments?post=739"}],"version-history":[{"count":3,"href":"https:\/\/www.medijufondas.lt\/en\/wp-json\/wp\/v2\/pages\/739\/revisions"}],"predecessor-version":[{"id":818,"href":"https:\/\/www.medijufondas.lt\/en\/wp-json\/wp\/v2\/pages\/739\/revisions\/818"}],"up":[{"embeddable":true,"href":"https:\/\/www.medijufondas.lt\/en\/wp-json\/wp\/v2\/pages\/734"}],"wp:attachment":[{"href":"https:\/\/www.medijufondas.lt\/en\/wp-json\/wp\/v2\/media?parent=739"}],"curies":[{"name":"wp","href":"https:\/\/api.w.org\/{rel}","templated":true}]}}