{"id":741,"date":"2024-05-09T09:56:35","date_gmt":"2024-05-09T06:56:35","guid":{"rendered":"https:\/\/www.medijufondas.lt\/about-us\/taryba"},"modified":"2024-10-04T14:10:59","modified_gmt":"2024-10-04T11:10:59","slug":"council","status":"publish","type":"page","link":"https:\/\/www.medijufondas.lt\/en\/about-us\/council","title":{"rendered":"Council"},"content":{"rendered":"<p class=\"p1\"><b>Aurelija Arlauskien\u0117<\/b>\u00a0\u2013 Representative appointed by the Lithuanian Union of Journalists;<\/p>\n<p class=\"p1\"><b>K\u0119stutis Bulka<\/b>\u00a0\u2013 Representative appointed by the National Press Association;<\/p>\n<p class=\"p1\"><b>Lina Bu\u0161inskait\u0117<\/b>\u00a0\u2013 Representative appointed by the Internet Media Association;<\/p>\n<p class=\"p1\"><b>Ramun\u0117 \u010ci\u010dirkait\u0117<\/b>\u00a0\u2013 Representative appointed jointly by the Lithuanian Radio and Television Association and the Lithuanian Association of Regional Radio Stations;<\/p>\n<p class=\"p1\"><b>Danielius Mu\u0161inskas<\/b>\u00a0\u2013 Representative appointed by the Lithuanian Artists Association;<\/p>\n<p class=\"p1\"><b>Rasyt\u0117 Navickien\u0117<\/b>\u00a0\u2013Representative appointed by the National Association of District and City Newspaper Publishers;<\/p>\n<p class=\"p1\"><b>Audron\u0117 Nugarait\u0117<\/b>\u00a0\u2013 Representative appointed by the Media Council;<\/p>\n<p class=\"p1\"><b>Donatas Puslys<\/b>\u00a0\u2013 Representative appointed by the Association of Cultural Periodicals;<\/p>\n<p class=\"p1\"><b>Marijona \u0160aknien\u0117<\/b>\u00a0\u2013 Appointed representative of the Lithuanian Association of Journalists;<\/p>\n<p class=\"p1\"><b>Vaiva \u017dukien\u0117<\/b>\u00a0\u2013 Jointly appointed representative of the Lithuanian Cable Television Association and the Association of Regional Television Associations (Acting Chairperson of the Council)<\/p>\n","protected":false},"excerpt":{"rendered":"<p>Aurelija Arlauskien\u0117\u00a0\u2013 Representative appointed by the Lithuanian Union of Journalists; K\u0119stutis Bulka\u00a0\u2013 Representative appointed by the National Press Association; Lina Bu\u0161inskait\u0117\u00a0\u2013 Representative appointed by the Internet Media Association; Ramun\u0117 \u010ci\u010dirkait\u0117\u00a0\u2013 Representative appointed jointly by the Lithuanian Radio and Television Association and the Lithuanian Association of Regional Radio Stations; Danielius Mu\u0161inskas\u00a0\u2013 Representative appointed by the Lithuanian&#8230;<\/p>\n","protected":false},"author":1,"featured_media":0,"parent":734,"menu_order":0,"comment_status":"closed","ping_status":"closed","template":"","meta":{"_monsterinsights_skip_tracking":false,"_monsterinsights_sitenote_active":false,"_monsterinsights_sitenote_note":"","_monsterinsights_sitenote_category":0,"_uf_show_specific_survey":0,"_uf_disable_surveys":false,"footnotes":""},"class_list":["post-741","page","type-page","status-publish","hentry"],"acf":[],"_links":{"self":[{"href":"https:\/\/www.medijufondas.lt\/en\/wp-json\/wp\/v2\/pages\/741","targetHints":{"allow":["GET"]}}],"collection":[{"href":"https:\/\/www.medijufondas.lt\/en\/wp-json\/wp\/v2\/pages"}],"about":[{"href":"https:\/\/www.medijufondas.lt\/en\/wp-json\/wp\/v2\/types\/page"}],"author":[{"embeddable":true,"href":"https:\/\/www.medijufondas.lt\/en\/wp-json\/wp\/v2\/users\/1"}],"replies":[{"embeddable":true,"href":"https:\/\/www.medijufondas.lt\/en\/wp-json\/wp\/v2\/comments?post=741"}],"version-history":[{"count":1,"href":"https:\/\/www.medijufondas.lt\/en\/wp-json\/wp\/v2\/pages\/741\/revisions"}],"predecessor-version":[{"id":820,"href":"https:\/\/www.medijufondas.lt\/en\/wp-json\/wp\/v2\/pages\/741\/revisions\/820"}],"up":[{"embeddable":true,"href":"https:\/\/www.medijufondas.lt\/en\/wp-json\/wp\/v2\/pages\/734"}],"wp:attachment":[{"href":"https:\/\/www.medijufondas.lt\/en\/wp-json\/wp\/v2\/media?parent=741"}],"curies":[{"name":"wp","href":"https:\/\/api.w.org\/{rel}","templated":true}]}}