{"id":750,"date":"2024-09-27T13:09:02","date_gmt":"2024-09-27T10:09:02","guid":{"rendered":"https:\/\/www.medijufondas.lt\/teisine-informacija\/ekspertu-apmokejimo-tvarka"},"modified":"2024-11-27T15:14:12","modified_gmt":"2024-11-27T12:14:12","slug":"ekspertu-apmokejimo-tvarka","status":"publish","type":"page","link":"https:\/\/www.medijufondas.lt\/en\/legal-information\/ekspertu-apmokejimo-tvarka","title":{"rendered":"Ekspert\u0173 apmok\u0117jimo tvarka"},"content":{"rendered":"<!--[if lt IE 9]><script>document.createElement('audio');<\/script><![endif]-->\n<audio class=\"wp-audio-shortcode\" id=\"audio-750-1\" preload=\"none\" style=\"width: 100%;\" controls=\"controls\"><source type=\"audio\/mpeg\" src=\"https:\/\/www.medijufondas.lt\/wp-content\/uploads\/2024\/11\/download-1-2.mp3?_=1\" \/><a href=\"https:\/\/www.medijufondas.lt\/wp-content\/uploads\/2024\/11\/download-1-2.mp3\">https:\/\/www.medijufondas.lt\/wp-content\/uploads\/2024\/11\/download-1-2.mp3<\/a><\/audio>\n<p>PATVIRTINTA<br \/>\nMedij\u0173 r\u0117mimo fondo<br \/>\nvisuotinio dalinink\u0173 susirinkimo<br \/>\n2024 m. lapkri\u010dio 25 d.<br \/>\nsprendimu NR. SPR-16<\/p>\n<p>&nbsp;<\/p>\n<p>MEDIJU R\u0116MIMO FONDO EKSPERT\u0172 APMOK\u0116JIMO TVARKA<\/p>\n<p>&nbsp;<\/p>\n<ol>\n<li>Medij\u0173 r\u0117mimo fondo (toliau \u2013 Fondas) ekspert\u0173 teikiam\u0173 paslaug\u0173 apmok\u0117jimo tvarka (toliau \u2013 Tvarka ) reglamentuoja ekspert\u0173, veikian\u010di\u0173 pagal Lietuvos Respublikos visuomen\u0117s informavimo \u012fstatymo 28 straipsnio 12 punkt\u0105 teikiam\u0173 paslaug\u0173 (toliau \u2013 paslaugos) apmok\u0117jim\u0105.<\/li>\n<li>Ekspert\u0173 teikiamos paslaugos apmokamos pagal j\u0173 su Fondu sudarytas ekspertinio vertinimo paslaug\u0173 teikimo sutartis, kurioms taikomos Lietuvos Respublikos civilinio kodekso 6.716 \u2013 6.724 straipsni\u0173 nuostatos.<\/li>\n<li>Ekspertai teikia paslaugas individualiai ir (arba) pos\u0117d\u017ei\u0173 metu vertindami parai\u0161kas ir kitus su parai\u0161komis susijusius dokumentus Fondo ekspert\u0173 darbo reglamento nustatyta tvarka.<\/li>\n<li>Fondo ekspertams atlyginama:<\/li>\n<\/ol>\n<p>4.1. \u00a0u\u017e vienos parai\u0161kos projektui ar tyrimui finansuoti vertinim\u0105 &#8211; 0.6 BSI;<\/p>\n<p>4.2. u\u017e vienos parai\u0161kos veiklai finansuoti vertinim\u0105 \u2013 0,1 BSI;<\/p>\n<p>4.3. u\u017e dalyvavim\u0105 ekspert\u0173 grup\u0117s pos\u0117dyje:<\/p>\n<p>4.3.1. ekspert\u0173 grup\u0117s pirmininkui &#8211; 4 BSI;<\/p>\n<p>4.3.2. ekspertui \u2013 3 BSI.<\/p>\n<ol start=\"5\">\n<li>Ekspert\u0173 atlyginimo suma u\u017e individualiai vertinamas parai\u0161kas nustatoma pagal fakti\u0161kai \u012fvertint\u0173 parai\u0161k\u0173 skai\u010di\u0173. U\u017e suteiktas paslaugas ekspert\u0173 pos\u0117d\u017ei\u0173 metu apmokama pagal pos\u0117d\u017ei\u0173 protokol\u0173 duomenis.<\/li>\n<li>\u0160io sprendimo 4 punkte nustatytas atlyginimas, atskai\u010dius Lietuvos Respublikos teis\u0117s aktais nustatytus mokes\u010dius, Fondo ekspertams mokamas u\u017e pra\u0117jus\u012f ketvirt\u012f iki kito ketvir\u010dio pirmojo m\u0117nesio 10 dienos.<\/li>\n<\/ol>\n","protected":false},"excerpt":{"rendered":"<p>PATVIRTINTA Medij\u0173 r\u0117mimo fondo visuotinio dalinink\u0173 susirinkimo 2024 m. lapkri\u010dio 25 d. sprendimu NR. SPR-16 &nbsp; MEDIJU R\u0116MIMO FONDO EKSPERT\u0172 APMOK\u0116JIMO TVARKA &nbsp; Medij\u0173 r\u0117mimo fondo (toliau \u2013 Fondas) ekspert\u0173 teikiam\u0173 paslaug\u0173 apmok\u0117jimo tvarka (toliau \u2013 Tvarka ) reglamentuoja ekspert\u0173, veikian\u010di\u0173 pagal Lietuvos Respublikos visuomen\u0117s informavimo \u012fstatymo 28 straipsnio 12 punkt\u0105 teikiam\u0173 paslaug\u0173 (toliau \u2013&#8230;<\/p>\n","protected":false},"author":2,"featured_media":0,"parent":749,"menu_order":0,"comment_status":"closed","ping_status":"closed","template":"","meta":{"_monsterinsights_skip_tracking":false,"_monsterinsights_sitenote_active":false,"_monsterinsights_sitenote_note":"","_monsterinsights_sitenote_category":0,"_uf_show_specific_survey":0,"_uf_disable_surveys":false,"footnotes":""},"class_list":["post-750","page","type-page","status-publish","hentry"],"acf":[],"_links":{"self":[{"href":"https:\/\/www.medijufondas.lt\/en\/wp-json\/wp\/v2\/pages\/750","targetHints":{"allow":["GET"]}}],"collection":[{"href":"https:\/\/www.medijufondas.lt\/en\/wp-json\/wp\/v2\/pages"}],"about":[{"href":"https:\/\/www.medijufondas.lt\/en\/wp-json\/wp\/v2\/types\/page"}],"author":[{"embeddable":true,"href":"https:\/\/www.medijufondas.lt\/en\/wp-json\/wp\/v2\/users\/2"}],"replies":[{"embeddable":true,"href":"https:\/\/www.medijufondas.lt\/en\/wp-json\/wp\/v2\/comments?post=750"}],"version-history":[{"count":10,"href":"https:\/\/www.medijufondas.lt\/en\/wp-json\/wp\/v2\/pages\/750\/revisions"}],"predecessor-version":[{"id":1216,"href":"https:\/\/www.medijufondas.lt\/en\/wp-json\/wp\/v2\/pages\/750\/revisions\/1216"}],"up":[{"embeddable":true,"href":"https:\/\/www.medijufondas.lt\/en\/wp-json\/wp\/v2\/pages\/749"}],"wp:attachment":[{"href":"https:\/\/www.medijufondas.lt\/en\/wp-json\/wp\/v2\/media?parent=750"}],"curies":[{"name":"wp","href":"https:\/\/api.w.org\/{rel}","templated":true}]}}