{"id":753,"date":"2024-09-03T17:23:31","date_gmt":"2024-09-03T14:23:31","guid":{"rendered":"https:\/\/www.medijufondas.lt\/teisine-informacija\/lietuvos-respublikos-savivaldybiu-viesuju-biblioteku-sarasas"},"modified":"2026-03-02T14:35:44","modified_gmt":"2026-03-02T11:35:44","slug":"lietuvos-respublikos-savivaldybiu-viesuju-biblioteku-sarasas","status":"publish","type":"page","link":"https:\/\/www.medijufondas.lt\/en\/legal-information\/lietuvos-respublikos-savivaldybiu-viesuju-biblioteku-sarasas","title":{"rendered":"Lietuvos Respublikos savivaldybi\u0173 vie\u0161\u0173j\u0173 bibliotek\u0173 s\u0105ra\u0161as"},"content":{"rendered":"<table>\n<thead>\n<tr>\n<th>Eil. Nr.<\/th>\n<th>Pavadinimas<\/th>\n<th>Adresas<\/th>\n<\/tr>\n<\/thead>\n<tbody>\n<tr>\n<td>1<\/td>\n<td>Akmen\u0117s rajono savivaldyb\u0117s vie\u0161oji biblioteka<\/td>\n<td>V. Kudirkos g. 9, LT \u2013 85165 Naujoji Akmen\u0117, info@abiblioteka.lt<\/td>\n<\/tr>\n<tr>\n<td>2<\/td>\n<td>Alytaus rajono vie\u0161oji biblioteka<\/td>\n<td>Naujoji g. 48, LT-62381 Alytus info@alytus.rvb.lt<\/td>\n<\/tr>\n<tr>\n<td>3<\/td>\n<td>Alytaus Jurgio Kun\u010dino vie\u0161oji biblioteka<\/td>\n<td>Seirij\u0173 2, LT-62116 Alytus, info@alytus.mvb.lt<\/td>\n<\/tr>\n<tr>\n<td>4<\/td>\n<td>Anyk\u0161\u010di\u0173 rajono savivaldyb\u0117s L. ir S. Did\u017eiuli\u0173 vie\u0161oji biblioteka<\/td>\n<td>Vyskupo skveras 1, 29145 Anyk\u0161\u010diai info@anyksciuvb.lt<\/td>\n<\/tr>\n<tr>\n<td>5<\/td>\n<td>Bir\u0161tono vie\u0161oji biblioteka<\/td>\n<td>S. Dariaus ir S. Gir\u0117no g. 12, LT- 59212 Bir\u0161tonas, alina.jaskuniene@birstonasvb.lt<\/td>\n<\/tr>\n<tr>\n<td>6<\/td>\n<td>Bir\u017e\u0173 rajono savivaldyb\u0117s Jurgio Bielinio vie\u0161oji biblioteka<\/td>\n<td>J. Radvilos g. 3, LT-41175 Bir\u017eai biblioteka@birzai.rvb.lt<\/td>\n<\/tr>\n<tr>\n<td>7<\/td>\n<td>Druskinink\u0173 savivaldyb\u0117s vie\u0161oji biblioteka<\/td>\n<td>V. Kudirkos g. 13, LT-66120 Druskininkai, direktore@druskininkai.mvb.lt<\/td>\n<\/tr>\n<tr>\n<td>8<\/td>\n<td>Elektr\u0117n\u0173 savivaldyb\u0117s vie\u0161oji biblioteka<\/td>\n<td>Draugyst\u0117s g. 2, LT-26110 Elektr\u0117nai info@esvb.lt<\/td>\n<\/tr>\n<tr>\n<td>9<\/td>\n<td>Ignalinos rajono savivaldyb\u0117s vie\u0161oji biblioteka<\/td>\n<td>Atgimimo g. 20, LT-30113 Ignalina biblioteka@ignalinosvb.lt<\/td>\n<\/tr>\n<tr>\n<td>10<\/td>\n<td>Jonavos rajono savivaldyb\u0117s Grigorijaus Kanovi\u010diaus vie\u0161oji biblioteka<\/td>\n<td>\u017deimi\u0173 g. 9, LT- 55158 Jonava biblioteka@jonbiblioteka.lt<\/td>\n<\/tr>\n<tr>\n<td>11<\/td>\n<td>Joni\u0161kio rajono savivaldyb\u0117s Jono Avy\u017eiaus vie\u0161oji biblioteka<\/td>\n<td>Vilniaus g. 3, LT-84147 Joni\u0161kis jvb@joniskis.rvb.lt<\/td>\n<\/tr>\n<tr>\n<td>12<\/td>\n<td>Jurbarko rajono savivaldyb\u0117s vie\u0161oji biblioteka<\/td>\n<td>Vilniaus g. 2, LT-74127 Jurbarkas biblioteka@jurbarko-rvb.lt<\/td>\n<\/tr>\n<tr>\n<td>13<\/td>\n<td>Kai\u0161iadori\u0173 rajono savivaldyb\u0117s vie\u0161oji biblioteka<\/td>\n<td>Gedimino g. 69, LT- 56124 Kai\u0161iadorys info@kaisiadoriuvb.lt<\/td>\n<\/tr>\n<tr>\n<td>14<\/td>\n<td>Kalvarijos savivaldyb\u0117s vie\u0161oji biblioteka<\/td>\n<td>Laisv\u0117s g. 2, LT-69214 Kalvarija biblioteka@kalvarijosvb.lt<\/td>\n<\/tr>\n<tr>\n<td>15<\/td>\n<td>Kauno miesto savivaldyb\u0117s Vinco Kudirkos vie\u0161oji biblioteka<\/td>\n<td>Laisv\u0117s al. 57, LT-44305 Kaunas info@kaunas.mvb.lt<\/td>\n<\/tr>\n<tr>\n<td>16<\/td>\n<td>Kauno rajono savivaldyb\u0117s vie\u0161oji biblioteka<\/td>\n<td>Vytauto g. 21, LT-53265 Garliava info@krsvbiblioteka.lt<\/td>\n<\/tr>\n<tr>\n<td>17<\/td>\n<td>Kazl\u0173 R\u016bdos Jurgio Dovydai\u010dio vie\u0161oji biblioteka<\/td>\n<td>Vytauto g. 21, LT-69415 Kazl\u0173 R\u016bda informacija@kazlurudasvb.lt<\/td>\n<\/tr>\n<tr>\n<td>18<\/td>\n<td>Kelm\u0117s rajono savivaldyb\u0117s \u017demait\u0117s vie\u0161oji biblioteka<\/td>\n<td>Vytauto Did\u017eiojo g. 73, LT- 86136 Kelm\u0117, direkcija@kelmeszemaitesvb.lt<\/td>\n<\/tr>\n<tr>\n<td>19<\/td>\n<td>K\u0117daini\u0173 rajono savivaldyb\u0117s Mikalojaus Dauk\u0161os vie\u0161oji biblioteka<\/td>\n<td>Did\u017eioji rinkos a. 5, LT-57248 K\u0117dainiai direktore@kedainiai.rvb.lt<\/td>\n<\/tr>\n<tr>\n<td>20<\/td>\n<td>Klaip\u0117dos miesto savivaldyb\u0117s Imanuelio Kanto vie\u0161oji biblioteka<\/td>\n<td>Til\u017e\u0117s g. 11, LT-91251 Klaip\u0117da info@biblioteka.lt<\/td>\n<\/tr>\n<tr>\n<td>21<\/td>\n<td>Klaip\u0117dos rajono savivaldyb\u0117s Jono Lanku\u010dio vie\u0161oji biblioteka<\/td>\n<td>Klaip\u0117dos g. 15, LT-96135 Garg\u017edai, Klaip\u0117dos r., info@gargzdaivb.lt<\/td>\n<\/tr>\n<tr>\n<td>22<\/td>\n<td>Kretingos rajono savivaldyb\u0117s M. Valan\u010diaus vie\u0161oji biblioteka<\/td>\n<td>J. K. Chodkevi\u010diaus 1 B, LT-97130, Kretinga, biblioteka@kretvb.lt<\/td>\n<\/tr>\n<tr>\n<td>23<\/td>\n<td>Kupi\u0161kio rajono savivaldyb\u0117s vie\u0161oji biblioteka<\/td>\n<td>L. Stuokos-Gucevi\u010diaus a. 3A, LT-40130 Kupi\u0161kis, direktorius@kupiskiovb.lt<\/td>\n<\/tr>\n<tr>\n<td>24<\/td>\n<td>Lazdij\u0173 rajono savivaldyb\u0117s vie\u0161oji biblioteka<\/td>\n<td>Sein\u0173 g. 1, LT-67113, Lazdijai direktore@rsvb.lt<\/td>\n<\/tr>\n<tr>\n<td>25<\/td>\n<td>Marijampol\u0117s Petro Kriau\u010di\u016bno vie\u0161oji biblioteka<\/td>\n<td>Vytauto g. 20, LT-68298 Marijampol\u0117 info@marvb.lt<\/td>\n<\/tr>\n<tr>\n<td>26<\/td>\n<td>Ma\u017eeiki\u0173 Henriko Nagio vie\u0161oji biblioteka<\/td>\n<td>Laisv\u0117s g.31, LT-89225, Ma\u017eeikiai direktore@mrvb.lt<\/td>\n<\/tr>\n<tr>\n<td>27<\/td>\n<td>Mol\u0117t\u0173 rajono savivaldyb\u0117s vie\u0161oji biblioteka<\/td>\n<td>Inturk\u0117s g. 4, LT- 33141 Mol\u0117tai biblioteka@moletai.rvb.lt<\/td>\n<\/tr>\n<tr>\n<td>28<\/td>\n<td>Neringos savivaldyb\u0117s Viktoro Mili\u016bno vie\u0161oji biblioteka<\/td>\n<td>Pamario g. 53, LT-93124 Neringa (Nida) biblioteka@neringa.mvb.lt<\/td>\n<\/tr>\n<tr>\n<td>29<\/td>\n<td>Pag\u0117gi\u0173 savivaldyb\u0117s Vyd\u016bno vie\u0161oji biblioteka<\/td>\n<td>Jaunimo g. 3, LT-99287 Pag\u0117giai, pagegiusvb@gmail.com<\/td>\n<\/tr>\n<tr>\n<td>30<\/td>\n<td>Pakruojo rajono savivaldyb\u0117s Juozo Pauk\u0161telio vie\u0161oji biblioteka<\/td>\n<td>Vytauto Did\u017eiojo g. 41, LT- 83156 Pakruojis, direktore@pakruojis.rvb.lt<\/td>\n<\/tr>\n<tr>\n<td>31<\/td>\n<td>Palangos miesto savivaldyb\u0117s vie\u0161oji biblioteka<\/td>\n<td>Vytauto g. 61, LT-00134 Palanga direktorius@palangamvb.lt<\/td>\n<\/tr>\n<tr>\n<td>32<\/td>\n<td>Panev\u0117\u017eio Elenos Mezginait\u0117s vie\u0161oji biblioteka<\/td>\n<td>Topoli\u0173 al. 12, LT-35169 Panev\u0117\u017eys, info@panbiblioteka.lt<\/td>\n<\/tr>\n<tr>\n<td>33<\/td>\n<td>Panev\u0117\u017eio rajono savivaldyb\u0117s vie\u0161oji biblioteka<\/td>\n<td>Ber\u017e\u0173 g. 50, LT-36145 Panev\u0117\u017eys, info@panrbiblioteka.lt<\/td>\n<\/tr>\n<tr>\n<td>34<\/td>\n<td>Pasvalio rajono savivaldyb\u0117s Mariaus Katili\u0161kio vie\u0161oji biblioteka<\/td>\n<td>Vytauto Did\u017eiojo a. 7, LT- 39149 Pasvalys, info@psvb.lt<\/td>\n<\/tr>\n<tr>\n<td>35<\/td>\n<td>Plung\u0117s rajono savivaldyb\u0117s vie\u0161oji biblioteka<\/td>\n<td>Parko g. 7, LT-90113 Plung\u0117 biblioteka@plunge.rvb.lt<\/td>\n<\/tr>\n<tr>\n<td>36<\/td>\n<td>Prien\u0173 rajono savivaldyb\u0117s Justino Marcinkevi\u010diaus vie\u0161oji biblioteka<\/td>\n<td>Kauno g. 2B, LT-59147 Prienai biblioteka@prienai.rvb.lt<\/td>\n<\/tr>\n<tr>\n<td>37<\/td>\n<td>Radvili\u0161kio rajono savivaldyb\u0117s vie\u0161oji biblioteka<\/td>\n<td>Dariaus ir S. Gir\u0117no g. 9, LT- 82137 Radvili\u0161kis, direktore@radviliskiobiblioteka.lt<\/td>\n<\/tr>\n<tr>\n<td>38<\/td>\n<td>Raseini\u0173 Marcelijaus Martinai\u010dio vie\u0161oji biblioteka<\/td>\n<td>Vytauto Did\u017eiojo g. 1, LT-60149 Raseiniai, biblioteka@raseiniai.rvb.lt<\/td>\n<\/tr>\n<tr>\n<td>39<\/td>\n<td>Rietavo savivaldyb\u0117s Iren\u0117jaus Oginskio vie\u0161oji biblioteka<\/td>\n<td>Plung\u0117s g. 19, LT-90313 Rietavas rietavas.biblioteka@gmail.com<\/td>\n<\/tr>\n<tr>\n<td>40<\/td>\n<td>Roki\u0161kio savivaldyb\u0117s Juozo Keliuo\u010dio vie\u0161oji biblioteka<\/td>\n<td>Nepriklausomyb\u0117s a. 16, LT- 42117 Roki\u0161kis, direktore@rokiskis.rvb.lt<\/td>\n<\/tr>\n<tr>\n<td>41<\/td>\n<td>Skuodo savivaldyb\u0117s Romualdo Granausko vie\u0161oji biblioteka<\/td>\n<td>Dariaus ir Gir\u0117no 25B, LT-98117, Skuodas, sekretore@svb.lt<\/td>\n<\/tr>\n<tr>\n<td>42<\/td>\n<td>\u0160aki\u0173 rajono savivaldyb\u0117s vie\u0161oji biblioteka<\/td>\n<td>Gimnazijos g. 1, LT-71115 \u0160akiai info@sakiai.rvb.lt<\/td>\n<\/tr>\n<tr>\n<td>43<\/td>\n<td>\u0160al\u010dinink\u0173 rajono savivaldyb\u0117s vie\u0161oji biblioteka<\/td>\n<td>Vilniaus g. 48, LT-17116 \u0160al\u010dininkai salcininkusvb@gmail.com<\/td>\n<\/tr>\n<tr>\n<td>44<\/td>\n<td>\u0160iauli\u0173 miesto savivaldyb\u0117s vie\u0161oji biblioteka<\/td>\n<td>K. Korsako g. 10, LT-78359, \u0160iauliai info@smsvb.lt<\/td>\n<\/tr>\n<tr>\n<td>45<\/td>\n<td>\u0160iauli\u0173 rajono savivaldyb\u0117s Vytauto Vitkausko vie\u0161oji biblioteka<\/td>\n<td>Vytauto g. 1, LT-81182, Kur\u0161\u0117nai, \u0160iauli\u0173 r., info@srsvb.lt<\/td>\n<\/tr>\n<tr>\n<td>46<\/td>\n<td>\u0160ilal\u0117s rajono savivaldyb\u0117s vie\u0161oji biblioteka<\/td>\n<td>J. Basanavi\u010diaus g. 15, LT- 75124 \u0160ilal\u0117 info@silalesbiblioteka.lt<\/td>\n<\/tr>\n<tr>\n<td>47<\/td>\n<td>\u0160ilut\u0117s rajono savivaldyb\u0117s Fridricho Bajorai\u010dio vie\u0161oji biblioteka<\/td>\n<td>Til\u017e\u0117s g. 10, LT-99172 \u0160ilut\u0117 info@silutevb.lt<\/td>\n<\/tr>\n<tr>\n<td>48<\/td>\n<td>\u0160irvint\u0173 rajono savivaldyb\u0117s Igno \u0160einiaus vie\u0161oji biblioteka<\/td>\n<td>I. \u0160einiaus g. 4, LT- 19121 \u0160irvintos, vaiva.daugeliene@libis.lt<\/td>\n<\/tr>\n<tr>\n<td>49<\/td>\n<td>\u0160ven\u010dioni\u0173 rajono savivaldyb\u0117s vie\u0161oji biblioteka<\/td>\n<td>Vilniaus g. 2, LT-18123 \u0160ven\u010dionys info@svencioniuvb.lt<\/td>\n<\/tr>\n<tr>\n<td>50<\/td>\n<td>Taurag\u0117s rajono savivaldyb\u0117s Birut\u0117s Baltru\u0161aityt\u0117s vie\u0161oji biblioteka<\/td>\n<td>Respublikos g. 3, LT-72252 Taurag\u0117 tsvb@tauragevb.lt<\/td>\n<\/tr>\n<tr>\n<td>51<\/td>\n<td>Tel\u0161i\u0173 rajono savivaldyb\u0117s Karolinos Praniauskait\u0117s vie\u0161oji biblioteka<\/td>\n<td>Respublikos g.18 , LT-87333 Tel\u0161iai administracija@kpbiblioteka.lt<\/td>\n<\/tr>\n<tr>\n<td>52<\/td>\n<td>Trak\u0173 rajono savivaldyb\u0117s vie\u0161oji biblioteka<\/td>\n<td>Vytauto g. 69, LT-2110 Trakai info@trakubiblioteka.lt<\/td>\n<\/tr>\n<tr>\n<td>53<\/td>\n<td>Ukmerg\u0117s rajono savivaldyb\u0117s Vlado \u0160laito vie\u0161oji biblioteka<\/td>\n<td>Vytauto 30, LT-20107 Ukmerg\u0117 direktore@ukmergesvb.lt<\/td>\n<\/tr>\n<tr>\n<td>54<\/td>\n<td>Utenos A. ir M. Mi\u0161kini\u0173 vie\u0161oji biblioteka<\/td>\n<td>Maironio g. 12, LT-28143 Utena info@uvb.lt<\/td>\n<\/tr>\n<tr>\n<td>55<\/td>\n<td>Var\u0117nos rajono savivaldyb\u0117s vie\u0161oji biblioteka<\/td>\n<td>Vytauto g. 19, LT- 65189 Var\u0117na info@varenosvb.lt<\/td>\n<\/tr>\n<tr>\n<td>56<\/td>\n<td>Vilkavi\u0161kio rajono savivaldyb\u0117s vie\u0161oji biblioteka<\/td>\n<td>Sod\u0173 g. 1, LT-70141 Vilkavi\u0161kis info@vilkaviskis.rvb.lt<\/td>\n<\/tr>\n<tr>\n<td>57<\/td>\n<td>Vilniaus miesto savivaldyb\u0117s centrin\u0117 biblioteka<\/td>\n<td>\u017dirm\u016bn\u0173 g. 6, LT-09214 Vilnius biblioteka@vcb.lt<\/td>\n<\/tr>\n<tr>\n<td>58<\/td>\n<td>Vilniaus rajono savivaldyb\u0117s centrin\u0117 biblioteka<\/td>\n<td>Gamyklos g. 20A, LT-13249 Rudamina, Vilniaus r., info@vrscb.lt<\/td>\n<\/tr>\n<tr>\n<td>59<\/td>\n<td>Visagino savivaldyb\u0117s vie\u0161oji biblioteka<\/td>\n<td>Taikos pr. 52, LT-31203 Visaginas direktorius@visaginobiblioteka.lt<\/td>\n<\/tr>\n<tr>\n<td>60<\/td>\n<td>Zaras\u0173 rajono savivaldyb\u0117s vie\u0161oji biblioteka<\/td>\n<td>D. Bukonto g. 20, LT-32132 Zarasai info@zarasubiblioteka.lt<\/td>\n<\/tr>\n<\/tbody>\n<\/table>\n","protected":false},"excerpt":{"rendered":"<p>Eil. Nr. Pavadinimas Adresas 1 Akmen\u0117s rajono savivaldyb\u0117s vie\u0161oji biblioteka V. Kudirkos g. 9, LT \u2013 85165 Naujoji Akmen\u0117, info@abiblioteka.lt 2 Alytaus rajono vie\u0161oji biblioteka Naujoji g. 48, LT-62381 Alytus info@alytus.rvb.lt 3 Alytaus Jurgio Kun\u010dino vie\u0161oji biblioteka Seirij\u0173 2, LT-62116 Alytus, info@alytus.mvb.lt 4 Anyk\u0161\u010di\u0173 rajono savivaldyb\u0117s L. ir S. Did\u017eiuli\u0173 vie\u0161oji biblioteka Vyskupo skveras 1,&#8230;<\/p>\n","protected":false},"author":1,"featured_media":0,"parent":749,"menu_order":0,"comment_status":"closed","ping_status":"closed","template":"","meta":{"_monsterinsights_skip_tracking":false,"_monsterinsights_sitenote_active":false,"_monsterinsights_sitenote_note":"","_monsterinsights_sitenote_category":0,"_uf_show_specific_survey":0,"_uf_disable_surveys":false,"footnotes":""},"class_list":["post-753","page","type-page","status-publish","hentry"],"acf":[],"_links":{"self":[{"href":"https:\/\/www.medijufondas.lt\/en\/wp-json\/wp\/v2\/pages\/753","targetHints":{"allow":["GET"]}}],"collection":[{"href":"https:\/\/www.medijufondas.lt\/en\/wp-json\/wp\/v2\/pages"}],"about":[{"href":"https:\/\/www.medijufondas.lt\/en\/wp-json\/wp\/v2\/types\/page"}],"author":[{"embeddable":true,"href":"https:\/\/www.medijufondas.lt\/en\/wp-json\/wp\/v2\/users\/1"}],"replies":[{"embeddable":true,"href":"https:\/\/www.medijufondas.lt\/en\/wp-json\/wp\/v2\/comments?post=753"}],"version-history":[{"count":2,"href":"https:\/\/www.medijufondas.lt\/en\/wp-json\/wp\/v2\/pages\/753\/revisions"}],"predecessor-version":[{"id":2590,"href":"https:\/\/www.medijufondas.lt\/en\/wp-json\/wp\/v2\/pages\/753\/revisions\/2590"}],"up":[{"embeddable":true,"href":"https:\/\/www.medijufondas.lt\/en\/wp-json\/wp\/v2\/pages\/749"}],"wp:attachment":[{"href":"https:\/\/www.medijufondas.lt\/en\/wp-json\/wp\/v2\/media?parent=753"}],"curies":[{"name":"wp","href":"https:\/\/api.w.org\/{rel}","templated":true}]}}