{"id":757,"date":"2024-09-27T12:03:41","date_gmt":"2024-09-27T09:03:41","guid":{"rendered":"https:\/\/www.medijufondas.lt\/teisine-informacija\/prasymu-ir-skundu-pateikimo-tvarka-2"},"modified":"2024-09-27T12:03:41","modified_gmt":"2024-09-27T09:03:41","slug":"prasymu-ir-skundu-pateikimo-tvarka-2","status":"publish","type":"page","link":"https:\/\/www.medijufondas.lt\/en\/legal-information\/prasymu-ir-skundu-pateikimo-tvarka-2","title":{"rendered":"Pra\u0161ym\u0173 ir skund\u0173 pateikimo tvarka"},"content":{"rendered":"<p>Fondo administracijos ir Tarybos sprendimai gali b\u016bti skund\u017eiami Lietuvos Respublikos vie\u0161ojo administravimo \u012fstatymo nustatyta tvarka ir terminais.<\/p>\n<p>Teis\u0117s aktai, kuriais vadovaujamasi priimant ir nagrin\u0117jant asmen\u0173 pateiktus pra\u0161ymus ir skundus.<\/p>\n<p>Lietuvos Respublikos vie\u0161ojo administravimo \u012fstatymas<\/p>\n<p><a href=\"https:\/\/e-seimas.lrs.lt\/portal\/legalAct\/lt\/TAD\/TAIS.83679\/asr\">https:\/\/e-seimas.lrs.lt\/portal\/legalAct\/lt\/TAD\/TAIS.83679\/asr<\/a><\/p>\n<p>Asmen\u0173 pra\u0161ym\u0173 ir skund\u0173 nagrin\u0117jimo vie\u0161ojo administravimo subjektuose taisykles<\/p>\n<p><a href=\"https:\/\/www.e-tar.lt\/portal\/lt\/legalAct\/TAR.6565D97B9AA2\/asr\">https:\/\/www.e-tar.lt\/portal\/lt\/legalAct\/TAR.6565D97B9AA2\/asr<\/a><\/p>\n<p>Dokumentus galima teikti \u0161iais b\u016bdais:<\/p>\n<p>el. pa\u0161tu info@medijufondas.lt,<br \/>\npalikti korespondencijos d\u0117\u017eut\u0117je, esan\u010dioje ant pastato fasado Vilniaus g. 35\/Palangos g. 3, Vilniuje,<br \/>\nsi\u0173sti pa\u0161tu adresu: Vilniaus g. 35\/Palangos g. 3, Vilnius, LT-01119,<br \/>\natvykus \u012f Fondo patalpas Vilniaus g. 35\/Palangos g. 3, Vilnius.<\/p>\n<p>Darbo valandos:<\/p>\n<p>I\u2013IV: 8.00\u201317.00<\/p>\n<p>V: 8.00\u201315.45<\/p>\n<p>Piet\u0173 pertrauka: 12.00\u201312.45<\/p>\n<p>Pasiteirauti d\u0117l pra\u0161ym\u0173, skund\u0173 ir kit\u0173 dokument\u0173 pri\u0117mimo, registracijos ir pan. galima \u017eemiau nurodytais kontaktais:<\/p>\n<p>El.p.: info@medijufondas.lt<\/p>\n<p>Telefonas:<\/p>\n<p>+37061284996<\/p>\n<p>Reikalavimai, taikomi teikiamiems dokumentams:<\/p>\n<p>Reikalavimus asmen\u0173 pra\u0161ymams, skundams nustato Lietuvos Respublikos vie\u0161ojo administravimo \u012fstatymas, Pra\u0161ym\u0173 ir skund\u0173 nagrin\u0117jimo vie\u0161ojo administravimo subjektuose taisykl\u0117s.<\/p>\n","protected":false},"excerpt":{"rendered":"<p>Fondo administracijos ir Tarybos sprendimai gali b\u016bti skund\u017eiami Lietuvos Respublikos vie\u0161ojo administravimo \u012fstatymo nustatyta tvarka ir terminais. Teis\u0117s aktai, kuriais vadovaujamasi priimant ir nagrin\u0117jant asmen\u0173 pateiktus pra\u0161ymus ir skundus. Lietuvos Respublikos vie\u0161ojo administravimo \u012fstatymas https:\/\/e-seimas.lrs.lt\/portal\/legalAct\/lt\/TAD\/TAIS.83679\/asr Asmen\u0173 pra\u0161ym\u0173 ir skund\u0173 nagrin\u0117jimo vie\u0161ojo administravimo subjektuose taisykles https:\/\/www.e-tar.lt\/portal\/lt\/legalAct\/TAR.6565D97B9AA2\/asr Dokumentus galima teikti \u0161iais b\u016bdais: el. pa\u0161tu info@medijufondas.lt, palikti korespondencijos&#8230;<\/p>\n","protected":false},"author":2,"featured_media":0,"parent":749,"menu_order":0,"comment_status":"closed","ping_status":"closed","template":"","meta":{"_monsterinsights_skip_tracking":false,"_monsterinsights_sitenote_active":false,"_monsterinsights_sitenote_note":"","_monsterinsights_sitenote_category":0,"_uf_show_specific_survey":0,"_uf_disable_surveys":false,"footnotes":""},"class_list":["post-757","page","type-page","status-publish","hentry"],"acf":[],"_links":{"self":[{"href":"https:\/\/www.medijufondas.lt\/en\/wp-json\/wp\/v2\/pages\/757","targetHints":{"allow":["GET"]}}],"collection":[{"href":"https:\/\/www.medijufondas.lt\/en\/wp-json\/wp\/v2\/pages"}],"about":[{"href":"https:\/\/www.medijufondas.lt\/en\/wp-json\/wp\/v2\/types\/page"}],"author":[{"embeddable":true,"href":"https:\/\/www.medijufondas.lt\/en\/wp-json\/wp\/v2\/users\/2"}],"replies":[{"embeddable":true,"href":"https:\/\/www.medijufondas.lt\/en\/wp-json\/wp\/v2\/comments?post=757"}],"version-history":[{"count":0,"href":"https:\/\/www.medijufondas.lt\/en\/wp-json\/wp\/v2\/pages\/757\/revisions"}],"up":[{"embeddable":true,"href":"https:\/\/www.medijufondas.lt\/en\/wp-json\/wp\/v2\/pages\/749"}],"wp:attachment":[{"href":"https:\/\/www.medijufondas.lt\/en\/wp-json\/wp\/v2\/media?parent=757"}],"curies":[{"name":"wp","href":"https:\/\/api.w.org\/{rel}","templated":true}]}}